{"id":1192,"date":"2020-05-13T13:49:35","date_gmt":"2020-05-13T12:49:35","guid":{"rendered":"https:\/\/webb1.crocontrol.hr\/?page_id=1192"},"modified":"2024-11-04T13:19:57","modified_gmt":"2024-11-04T12:19:57","slug":"public-procurement","status":"publish","type":"page","link":"https:\/\/www.crocontrol.hr\/en\/company\/public-procurement\/","title":{"rendered":"Public Procurement"},"content":{"rendered":"\n<p>Pursuant to the provision of Article 80, Paragraph 2 of the Public Procurement Act (Official Gazette 120\/2016 and 114\/2022), the Company, as a contracting authority, publishes a list of economic operators in relation to which there is a conflict of interest between the representative of the contracting authority or persons related to them and those economic operators:<\/p>\n\n\n\n<ul class=\"wp-block-list\">\n<li>Pollux Quality and Services d.o.o., Ivani\u0107-Grad, Ulica Ive Rasti\u0107a 1, VAT No.: 67484789518<\/li>\n\n\n\n<li>SERVIS &#8220;TEAM&#8221;, trade business, Ivani\u0107-Grad, Ulica kralja Tomislava 30, VAT No.: 13502112990<\/li>\n\n\n\n<li>CASPER, tourism trade business, Drage, Ulica kralja Kolomana 3, VAT No.: 13502112990<\/li>\n\n\n\n<li>ORDINACIJA DENTALNE MEDICINE IVANA KULE\u0160, Ivani\u0107-Grad, Omladinska 25, VAT No.: 91562487148<\/li>\n\n\n\n<li>ECORES LAB d.o.o., Zagreb, Svetice 42, VAT No.: 55694328721<\/li>\n\n\n\n<li>AN\u0110ELINOVI\u0106, consultancy and other services trade business, Zagreb, Svetice 42, VAT No.: 10158302071<\/li>\n\n\n\n<li>Obidu Property d.o.o., Hrvatski Leskovac, Zastavnice 11, VAT No.: 31275986405<\/li>\n\n\n\n<li>PRIMAT-LOGISTIKA d.o.o., Hrvatski Leskovac, Zastavnice 11, VAT No.: 64645054565<\/li>\n\n\n\n<li>Sredi\u0161nje klirin\u0161ko depozitarno dru\u0161tvo, d.d., Zagreb, Ulica Vjekoslava Heinzela 62A, VAT No.: 64406809162<\/li>\n<\/ul>\n\n\n\n<h2 class=\"wp-block-heading\">Public Procurement Notices<\/h2>\n\n\n\n<p>All public procurement notices are published in the <a href=\"https:\/\/eojn.hr\/\" data-type=\"link\" data-id=\"https:\/\/eojn.hr\/\" target=\"_blank\" rel=\"noreferrer noopener\">Electronic Public Procurement Classifieds of the Republic of Croatia<\/a>.<\/p>\n","protected":false},"excerpt":{"rendered":"<p>Pursuant to the provision of Article 80, Paragraph 2 of the Public Procurement Act (Official Gazette 120\/2016 and 114\/2022), the Company, as a contracting authority, publishes a list of economic operators in relation to which there is a conflict of interest between the representative of the contracting authority or persons related to them and those<\/p>\n","protected":false},"author":1,"featured_media":0,"parent":1177,"menu_order":5,"comment_status":"closed","ping_status":"closed","template":"views\/template-article.blade.php","meta":{"_monsterinsights_skip_tracking":false,"_monsterinsights_sitenote_active":false,"_monsterinsights_sitenote_note":"","_monsterinsights_sitenote_category":0,"slim_seo":{"title":"Public Procurement - Crocontrol","description":"Pursuant to the provision of Article 80, Paragraph 2 of the Public Procurement Act (Official Gazette 120\/2016 and 114\/2022), the Company, as a contracting autho"},"footnotes":""},"wf_page_folders":[20],"class_list":["post-1192","page","type-page","status-publish","hentry"],"acf":[],"publishpress_future_action":{"enabled":false,"date":"2026-04-25 16:04:34","action":"change-status","newStatus":"draft","terms":[],"taxonomy":"translation_priority","extraData":[]},"publishpress_future_workflow_manual_trigger":{"enabledWorkflows":[]},"_links":{"self":[{"href":"https:\/\/www.crocontrol.hr\/en\/wp-json\/wp\/v2\/pages\/1192","targetHints":{"allow":["GET"]}}],"collection":[{"href":"https:\/\/www.crocontrol.hr\/en\/wp-json\/wp\/v2\/pages"}],"about":[{"href":"https:\/\/www.crocontrol.hr\/en\/wp-json\/wp\/v2\/types\/page"}],"author":[{"embeddable":true,"href":"https:\/\/www.crocontrol.hr\/en\/wp-json\/wp\/v2\/users\/1"}],"replies":[{"embeddable":true,"href":"https:\/\/www.crocontrol.hr\/en\/wp-json\/wp\/v2\/comments?post=1192"}],"version-history":[{"count":11,"href":"https:\/\/www.crocontrol.hr\/en\/wp-json\/wp\/v2\/pages\/1192\/revisions"}],"predecessor-version":[{"id":12614,"href":"https:\/\/www.crocontrol.hr\/en\/wp-json\/wp\/v2\/pages\/1192\/revisions\/12614"}],"up":[{"embeddable":true,"href":"https:\/\/www.crocontrol.hr\/en\/wp-json\/wp\/v2\/pages\/1177"}],"wp:attachment":[{"href":"https:\/\/www.crocontrol.hr\/en\/wp-json\/wp\/v2\/media?parent=1192"}],"wp:term":[{"taxonomy":"wf_page_folders","embeddable":true,"href":"https:\/\/www.crocontrol.hr\/en\/wp-json\/wp\/v2\/wf_page_folders?post=1192"}],"curies":[{"name":"wp","href":"https:\/\/api.w.org\/{rel}","templated":true}]}}